{"id":2654,"date":"2022-02-02T16:56:58","date_gmt":"2022-02-03T00:56:58","guid":{"rendered":"https:\/\/www.nlmphotonics.com\/?page_id=2654"},"modified":"2022-10-26T12:11:44","modified_gmt":"2022-10-26T20:11:44","slug":"photonique-a-lechelle-nanometrique-de-prochaine-generation","status":"publish","type":"page","link":"https:\/\/www.nlmphotonics.com\/fr\/photonique-a-lechelle-nanometrique-de-prochaine-generation\/","title":{"rendered":"La passerelle entre l\u2019\u00e9lectronique et la photonique"},"content":{"rendered":"\n<div class=\"wp-block-columns alignfull is-layout-flex wp-container-core-columns-is-layout-9d6595d7 wp-block-columns-is-layout-flex\">\n<div class=\"wp-block-column is-layout-flow wp-block-column-is-layout-flow\">\n<div class=\"wp-block-cover is-light\"><span aria-hidden=\"true\" class=\"wp-block-cover__background has-background-dim\"><\/span><img loading=\"lazy\" decoding=\"async\" width=\"2560\" height=\"1317\" class=\"wp-block-cover__image-background wp-image-2466\" alt=\"\" src=\"https:\/\/www.nonlinearmaterials.com\/wp-content\/uploads\/2022\/01\/iStock-1249987318-scaled.jpg\" data-object-fit=\"cover\" srcset=\"https:\/\/www.nlmphotonics.com\/wp-content\/uploads\/2022\/01\/iStock-1249987318-scaled.jpg 2560w, https:\/\/www.nlmphotonics.com\/wp-content\/uploads\/2022\/01\/iStock-1249987318-300x154.jpg 300w, https:\/\/www.nlmphotonics.com\/wp-content\/uploads\/2022\/01\/iStock-1249987318-1024x527.jpg 1024w, https:\/\/www.nlmphotonics.com\/wp-content\/uploads\/2022\/01\/iStock-1249987318-768x395.jpg 768w, https:\/\/www.nlmphotonics.com\/wp-content\/uploads\/2022\/01\/iStock-1249987318-1536x790.jpg 1536w, https:\/\/www.nlmphotonics.com\/wp-content\/uploads\/2022\/01\/iStock-1249987318-2048x1053.jpg 2048w\" sizes=\"auto, (max-width: 2560px) 100vw, 2560px\" \/><div class=\"wp-block-cover__inner-container is-layout-flow wp-block-cover-is-layout-flow\">\n<h1 class=\"has-text-align-center wp-block-heading\" id=\"la-photonique-est-l-avenir\">La passerelle entre l&#8217;\u00e9lectronique et la photonique<\/h1>\n\n\n\n<p class=\"has-text-align-center\">NLM Photonics est une entreprise pionni\u00e8re dans le domaine de la photonique qui d\u00e9veloppe <br>des solutions et des dispositifs informatiques et de mise en r\u00e9seau.<\/p>\n<\/div><\/div>\n<\/div>\n<\/div>\n\n\n\n<div class=\"wp-block-columns is-layout-flex wp-container-core-columns-is-layout-9d6595d7 wp-block-columns-is-layout-flex\">\n<div class=\"wp-block-column is-layout-flow wp-block-column-is-layout-flow\"><ul class=\"wp-block-latest-posts__list has-dates wp-block-latest-posts\"><li><a class=\"wp-block-latest-posts__post-title\" href=\"https:\/\/www.nlmphotonics.com\/fr\/2026\/03\/16\/nlm-samples-silicon-organic-hybrid-pics-manufactured-at-globalfoundries\/\">NLM Photonics\u00a0Samples Silicon\u00a0Organic Hybrid PICs Manufactured\u00a0at GlobalFoundries<\/a><time datetime=\"2026-03-16T05:16:00-07:00\" class=\"wp-block-latest-posts__post-date\">mars 16, 2026<\/time><\/li>\n<\/ul><\/div>\n<\/div>\n\n\n\n<div class=\"wp-block-columns alignwide is-layout-flex wp-container-core-columns-is-layout-9d6595d7 wp-block-columns-is-layout-flex\">\n<div class=\"wp-block-column is-layout-flow wp-block-column-is-layout-flow\">\n<p class=\"has-text-align-center\">Les puces d\u2019ordinateur sont l\u2019invention humaine la plus complexe. Au cours des 50&nbsp;derni\u00e8res ann\u00e9es, la puce \u00e9lectronique et l\u2019int\u00e9gration de l\u2019\u00e9lectronique ont r\u00e9volutionn\u00e9 de tr\u00e8s nombreux aspects de notre soci\u00e9t\u00e9.<\/p>\n<\/div>\n<\/div>\n\n\n\n<div class=\"wp-block-columns is-layout-flex wp-container-core-columns-is-layout-9d6595d7 wp-block-columns-is-layout-flex\">\n<div class=\"wp-block-column is-layout-flow wp-block-column-is-layout-flow\">\n<div class=\"wp-block-media-text alignwide is-stacked-on-mobile\"><figure class=\"wp-block-media-text__media\"><img loading=\"lazy\" decoding=\"async\" width=\"907\" height=\"680\" src=\"https:\/\/www.nonlinearmaterials.com\/wp-content\/uploads\/2022\/01\/home-chip.jpg\" alt=\"\" class=\"wp-image-2480 size-full\" srcset=\"https:\/\/www.nlmphotonics.com\/wp-content\/uploads\/2022\/01\/home-chip.jpg 907w, https:\/\/www.nlmphotonics.com\/wp-content\/uploads\/2022\/01\/home-chip-300x225.jpg 300w, https:\/\/www.nlmphotonics.com\/wp-content\/uploads\/2022\/01\/home-chip-768x576.jpg 768w\" sizes=\"auto, (max-width: 907px) 100vw, 907px\" \/><\/figure><div class=\"wp-block-media-text__content\">\n<p class=\"has-medium-font-size\">Il faut plus de 3&nbsp;mois et 700&nbsp;\u00e9tapes pour produire une puce, sans compter les ann\u00e9es de conception et de d\u00e9veloppement. Les transistors qui les alimentent sont de loin l\u2019\u00e9l\u00e9ment le plus produit dans l\u2019histoire de l\u2019humanit\u00e9. La fabrication de puces modernes \u00e9quivaut \u00e0 la construction d\u2019un avion \u00e0 l\u2019\u00e9chelle nanom\u00e9trique.<\/p>\n<\/div><\/div>\n<\/div>\n<\/div>\n\n\n\n<div class=\"wp-block-columns alignfull is-layout-flex wp-container-core-columns-is-layout-9d6595d7 wp-block-columns-is-layout-flex\">\n<div class=\"wp-block-column is-layout-flow wp-block-column-is-layout-flow\">\n<figure class=\"wp-block-image size-full\"><img loading=\"lazy\" decoding=\"async\" width=\"2560\" height=\"382\" src=\"https:\/\/www.nonlinearmaterials.com\/wp-content\/uploads\/2022\/01\/home-bar-1-scaled.jpg\" alt=\"\" class=\"wp-image-2473\" srcset=\"https:\/\/www.nlmphotonics.com\/wp-content\/uploads\/2022\/01\/home-bar-1-scaled.jpg 2560w, https:\/\/www.nlmphotonics.com\/wp-content\/uploads\/2022\/01\/home-bar-1-300x45.jpg 300w, https:\/\/www.nlmphotonics.com\/wp-content\/uploads\/2022\/01\/home-bar-1-1024x153.jpg 1024w, https:\/\/www.nlmphotonics.com\/wp-content\/uploads\/2022\/01\/home-bar-1-768x114.jpg 768w, https:\/\/www.nlmphotonics.com\/wp-content\/uploads\/2022\/01\/home-bar-1-1536x229.jpg 1536w, https:\/\/www.nlmphotonics.com\/wp-content\/uploads\/2022\/01\/home-bar-1-2048x305.jpg 2048w\" sizes=\"auto, (max-width: 2560px) 100vw, 2560px\" \/><\/figure>\n<\/div>\n<\/div>\n\n\n\n<div class=\"wp-block-columns alignfull is-layout-flex wp-container-core-columns-is-layout-9d6595d7 wp-block-columns-is-layout-flex\">\n<div class=\"wp-block-column is-layout-flow wp-block-column-is-layout-flow\">\n<p class=\"has-text-align-center\"><strong>La photonique<\/strong>, autre technologie r\u00e9volutionnaire, s\u2019est d\u00e9velopp\u00e9e en parall\u00e8le. Elle a connu une forte croissance au cours des deux derni\u00e8res d\u00e9cennies dans le domaine des lasers, de la fibre optique, du LIDAR et d\u2019autres technologies similaires.&nbsp;<\/p>\n<\/div>\n<\/div>\n\n\n\n<div class=\"wp-block-columns is-layout-flex wp-container-core-columns-is-layout-9d6595d7 wp-block-columns-is-layout-flex\">\n<div class=\"wp-block-column is-layout-flow wp-block-column-is-layout-flow\">\n<div class=\"wp-block-media-text alignwide has-media-on-the-right is-stacked-on-mobile\"><figure class=\"wp-block-media-text__media\"><img loading=\"lazy\" decoding=\"async\" width=\"908\" height=\"680\" src=\"https:\/\/www.nonlinearmaterials.com\/wp-content\/uploads\/2022\/01\/home-test-rig.jpg\" alt=\"\" class=\"wp-image-2485 size-full\" srcset=\"https:\/\/www.nlmphotonics.com\/wp-content\/uploads\/2022\/01\/home-test-rig.jpg 908w, https:\/\/www.nlmphotonics.com\/wp-content\/uploads\/2022\/01\/home-test-rig-300x225.jpg 300w, https:\/\/www.nlmphotonics.com\/wp-content\/uploads\/2022\/01\/home-test-rig-768x575.jpg 768w\" sizes=\"auto, (max-width: 908px) 100vw, 908px\" \/><\/figure><div class=\"wp-block-media-text__content\">\n<p class=\"has-medium-font-size\"><strong>Comment am\u00e9liorer la plus grande technologie jamais cr\u00e9\u00e9e?<\/strong><br>En fusionnant l\u2019\u00e9lectronique et la photonique. Le silicium utilis\u00e9 pour les z\u00e9ros et les uns \u00e9lectriques des donn\u00e9es peut \u00e9galement manipuler la lumi\u00e8re.<\/p>\n<\/div><\/div>\n<\/div>\n<\/div>\n\n\n\n<div class=\"wp-block-columns alignfull is-layout-flex wp-container-core-columns-is-layout-9d6595d7 wp-block-columns-is-layout-flex\">\n<div class=\"wp-block-column is-layout-flow wp-block-column-is-layout-flow\">\n<p class=\"has-text-align-center\">Cependant, cela ne suffit pas. Une passerelle efficace entre l\u2019\u00e9lectronique et la photonique est n\u00e9cessaire.<\/p>\n<\/div>\n<\/div>\n\n\n\n<div class=\"wp-block-columns is-layout-flex wp-container-core-columns-is-layout-9d6595d7 wp-block-columns-is-layout-flex\">\n<div class=\"wp-block-column is-layout-flow wp-block-column-is-layout-flow\">\n<p class=\"has-text-align-center\"><strong>NLM Photonics est cette passerelle.<\/strong><\/p>\n<\/div>\n<\/div>\n\n\n\n<div class=\"wp-block-columns alignfull partners is-layout-flex wp-container-core-columns-is-layout-9d6595d7 wp-block-columns-is-layout-flex\">\n<div class=\"wp-block-column is-layout-flow wp-block-column-is-layout-flow\">\n<h2 class=\"wp-block-heading\" id=\"partenaires\">Partenaires<\/h2>\n\n\n\n<div class=\"wp-block-group\"><div class=\"wp-block-group__inner-container is-layout-flow wp-block-group-is-layout-flow\"><div class=\"wp-block-image\">\n<figure class=\"aligncenter size-full\"><a href=\"https:\/\/www.imec-int.com\/en\" target=\"_blank\" rel=\"noopener\"><img loading=\"lazy\" decoding=\"async\" width=\"398\" height=\"207\" src=\"https:\/\/www.nlmphotonics.com\/wp-content\/uploads\/2022\/01\/partner-imec-1.gif\" alt=\"\" class=\"wp-image-2603\"\/><\/a><\/figure>\n<\/div>\n\n<div class=\"wp-block-image\">\n<figure class=\"aligncenter size-full\"><a href=\"https:\/\/www.leti-cea.com\" target=\"_blank\" rel=\"noopener\"><img loading=\"lazy\" decoding=\"async\" width=\"323\" height=\"207\" src=\"https:\/\/www.nlmphotonics.com\/wp-content\/uploads\/2022\/01\/partner-leti-1.gif\" alt=\"\" class=\"wp-image-2607\"\/><\/a><\/figure>\n<\/div>\n\n<div class=\"wp-block-image\">\n<figure class=\"aligncenter size-full\"><a href=\"https:\/\/www.nsf.gov\" target=\"_blank\" rel=\"noopener\"><img loading=\"lazy\" decoding=\"async\" width=\"312\" height=\"207\" src=\"https:\/\/www.nlmphotonics.com\/wp-content\/uploads\/2022\/01\/partner-nsf-1.gif\" alt=\"\" class=\"wp-image-2610\"\/><\/a><\/figure>\n<\/div>\n\n<div class=\"wp-block-image\">\n<figure class=\"aligncenter size-full\"><a href=\"https:\/\/www.vttresearch.com\" target=\"_blank\" rel=\"noopener\"><img loading=\"lazy\" decoding=\"async\" width=\"320\" height=\"207\" src=\"https:\/\/www.nlmphotonics.com\/wp-content\/uploads\/2022\/01\/partner-vtt-1.gif\" alt=\"\" class=\"wp-image-2613\"\/><\/a><\/figure>\n<\/div>\n\n<div class=\"wp-block-image\">\n<figure class=\"aligncenter size-full\"><a href=\"https:\/\/www.polariton.ch\" target=\"_blank\" rel=\"noopener\"><img loading=\"lazy\" decoding=\"async\" width=\"341\" height=\"207\" src=\"https:\/\/www.nlmphotonics.com\/wp-content\/uploads\/2022\/01\/partner-polariton-1.gif\" alt=\"\" class=\"wp-image-2616\"\/><\/a><\/figure>\n<\/div><\/div><\/div>\n\n\n\n<div class=\"wp-block-group\"><div class=\"wp-block-group__inner-container is-layout-flow wp-block-group-is-layout-flow\">\n<figure class=\"wp-block-image size-full\"><a href=\"https:\/\/comotion.uw.edu\" target=\"_blank\" rel=\"noopener\"><img loading=\"lazy\" decoding=\"async\" width=\"741\" height=\"232\" src=\"https:\/\/www.nlmphotonics.com\/wp-content\/uploads\/2022\/01\/partner-uw-comotion-4.gif\" alt=\"\" class=\"wp-image-2629\"\/><\/a><\/figure>\n\n\n\n<figure class=\"wp-block-image size-full\"><a href=\"https:\/\/chem.washington.edu\" target=\"_blank\" rel=\"noopener\"><img loading=\"lazy\" decoding=\"async\" width=\"741\" height=\"232\" src=\"https:\/\/www.nlmphotonics.com\/wp-content\/uploads\/2022\/01\/partner-uw-chem-3.gif\" alt=\"\" class=\"wp-image-2625\"\/><\/a><\/figure>\n<\/div><\/div>\n<\/div>\n<\/div>\n\n\n\n<div class=\"wp-block-columns alignwide is-layout-flex wp-container-core-columns-is-layout-9d6595d7 wp-block-columns-is-layout-flex\">\n<div class=\"wp-block-column is-layout-flow wp-block-column-is-layout-flow\">\n<h2 class=\"has-text-align-center wp-block-heading\" id=\"actualites\">Actualit\u00e9s<\/h2>\n\n\n<ul class=\"wp-block-latest-posts__list is-grid columns-3 has-dates wp-block-latest-posts\"><li><div class=\"wp-block-latest-posts__featured-image aligncenter\"><img loading=\"lazy\" decoding=\"async\" width=\"300\" height=\"98\" src=\"https:\/\/www.nlmphotonics.com\/wp-content\/uploads\/2026\/03\/nlm-gf-epiphany-300x98.jpg\" class=\"attachment-medium size-medium wp-post-image\" alt=\"Background image is shining light that&#039;s yellow and orange. Features NLM&#039;s, GlobalFoundries&#039;, and Epiphany&#039;s logos\" style=\"max-width:200px;max-height:200px;\" srcset=\"https:\/\/www.nlmphotonics.com\/wp-content\/uploads\/2026\/03\/nlm-gf-epiphany-300x98.jpg 300w, https:\/\/www.nlmphotonics.com\/wp-content\/uploads\/2026\/03\/nlm-gf-epiphany-1024x333.jpg 1024w, https:\/\/www.nlmphotonics.com\/wp-content\/uploads\/2026\/03\/nlm-gf-epiphany-768x250.jpg 768w, https:\/\/www.nlmphotonics.com\/wp-content\/uploads\/2026\/03\/nlm-gf-epiphany-1536x500.jpg 1536w, https:\/\/www.nlmphotonics.com\/wp-content\/uploads\/2026\/03\/nlm-gf-epiphany-2048x666.jpg 2048w\" sizes=\"auto, (max-width: 300px) 100vw, 300px\" \/><\/div><a class=\"wp-block-latest-posts__post-title\" href=\"https:\/\/www.nlmphotonics.com\/fr\/2026\/03\/16\/nlm-samples-silicon-organic-hybrid-pics-manufactured-at-globalfoundries\/\">NLM Photonics\u00a0Samples Silicon\u00a0Organic Hybrid PICs Manufactured\u00a0at GlobalFoundries<\/a><time datetime=\"2026-03-16T05:16:00-07:00\" class=\"wp-block-latest-posts__post-date\">mars 16, 2026<\/time><\/li>\n<li><div class=\"wp-block-latest-posts__featured-image aligncenter\"><img loading=\"lazy\" decoding=\"async\" width=\"300\" height=\"98\" src=\"https:\/\/www.nlmphotonics.com\/wp-content\/uploads\/2026\/03\/nlm-tower-300x98.jpg\" class=\"attachment-medium size-medium wp-post-image\" alt=\"Blue techy background image with the NLM&#039;s and Tower&#039;s logos\" style=\"max-width:200px;max-height:200px;\" srcset=\"https:\/\/www.nlmphotonics.com\/wp-content\/uploads\/2026\/03\/nlm-tower-300x98.jpg 300w, https:\/\/www.nlmphotonics.com\/wp-content\/uploads\/2026\/03\/nlm-tower-1024x333.jpg 1024w, https:\/\/www.nlmphotonics.com\/wp-content\/uploads\/2026\/03\/nlm-tower-768x250.jpg 768w, https:\/\/www.nlmphotonics.com\/wp-content\/uploads\/2026\/03\/nlm-tower-1536x500.jpg 1536w, https:\/\/www.nlmphotonics.com\/wp-content\/uploads\/2026\/03\/nlm-tower-2048x666.jpg 2048w\" sizes=\"auto, (max-width: 300px) 100vw, 300px\" \/><\/div><a class=\"wp-block-latest-posts__post-title\" href=\"https:\/\/www.nlmphotonics.com\/fr\/2026\/03\/16\/nlm-validates-silicon-organic-hybrid-modulator-technology-with-tower-semiconductors-high-volume-ph18m-platform\/\">NLM Photonics\u00a0Validates\u00a0Silicon\u00a0Organic Hybrid\u00a0Modulator Technology\u00a0with Tower Semiconductor\u2019s\u00a0High-volume PH18M\u00a0Platform\u00a0<\/a><time datetime=\"2026-03-16T05:15:00-07:00\" class=\"wp-block-latest-posts__post-date\">mars 16, 2026<\/time><\/li>\n<li><div class=\"wp-block-latest-posts__featured-image aligncenter\"><img loading=\"lazy\" decoding=\"async\" width=\"300\" height=\"213\" src=\"https:\/\/www.nlmphotonics.com\/wp-content\/uploads\/2026\/03\/ofc-demo-header-300x213.jpg\" class=\"attachment-medium size-medium wp-post-image\" alt=\"Jon Pugh from Optica interviews NLM CEO Brad Booth at OFC 2025\" style=\"max-width:200px;max-height:200px;\" srcset=\"https:\/\/www.nlmphotonics.com\/wp-content\/uploads\/2026\/03\/ofc-demo-header-300x213.jpg 300w, https:\/\/www.nlmphotonics.com\/wp-content\/uploads\/2026\/03\/ofc-demo-header-1024x726.jpg 1024w, https:\/\/www.nlmphotonics.com\/wp-content\/uploads\/2026\/03\/ofc-demo-header-768x545.jpg 768w, https:\/\/www.nlmphotonics.com\/wp-content\/uploads\/2026\/03\/ofc-demo-header.jpg 1200w\" sizes=\"auto, (max-width: 300px) 100vw, 300px\" \/><\/div><a class=\"wp-block-latest-posts__post-title\" href=\"https:\/\/www.nlmphotonics.com\/fr\/2026\/03\/04\/nlm-initiates-sampling-of-1-6t-and-3-2t-silicon-organic-hybrid-pics\/\">NLM Photonics\u00a0Initiates Sampling of\u00a01.6T and 3.2T\u00a0Silicon\u00a0Organic Hybrid PICs\u00a0\u00a0<\/a><time datetime=\"2026-03-04T06:00:00-08:00\" class=\"wp-block-latest-posts__post-date\">mars 4, 2026<\/time><\/li>\n<li><div class=\"wp-block-latest-posts__featured-image aligncenter\"><img loading=\"lazy\" decoding=\"async\" width=\"300\" height=\"251\" src=\"https:\/\/www.nlmphotonics.com\/wp-content\/uploads\/2025\/12\/New-Year-NLM-Photo-Collage-300x251.png\" class=\"attachment-medium size-medium wp-post-image\" alt=\"Text: NLM Photonics Status: Bright A collection of photos of the NLM team throughout the year and some of our science too.\" style=\"max-width:200px;max-height:200px;\" srcset=\"https:\/\/www.nlmphotonics.com\/wp-content\/uploads\/2025\/12\/New-Year-NLM-Photo-Collage-300x251.png 300w, https:\/\/www.nlmphotonics.com\/wp-content\/uploads\/2025\/12\/New-Year-NLM-Photo-Collage-768x644.png 768w, https:\/\/www.nlmphotonics.com\/wp-content\/uploads\/2025\/12\/New-Year-NLM-Photo-Collage.png 940w\" sizes=\"auto, (max-width: 300px) 100vw, 300px\" \/><\/div><a class=\"wp-block-latest-posts__post-title\" href=\"https:\/\/www.nlmphotonics.com\/fr\/2025\/12\/30\/reflections-on-2025-accomplishments-and-cheers-to-a-bright-2026\/\">Reflections\u00a0on\u00a02025\u00a0Accomplishments\u00a0and Cheers to\u00a0a\u00a0Bright\u00a02026<\/a><time datetime=\"2025-12-30T06:00:00-08:00\" class=\"wp-block-latest-posts__post-date\">d\u00e9cembre 30, 2025<\/time><\/li>\n<li><div class=\"wp-block-latest-posts__featured-image aligncenter\"><img loading=\"lazy\" decoding=\"async\" width=\"300\" height=\"120\" src=\"https:\/\/www.nlmphotonics.com\/wp-content\/uploads\/2023\/06\/brad-header-300x120.jpg\" class=\"attachment-medium size-medium wp-post-image\" alt=\"\" style=\"max-width:200px;max-height:200px;\" srcset=\"https:\/\/www.nlmphotonics.com\/wp-content\/uploads\/2023\/06\/brad-header-300x120.jpg 300w, https:\/\/www.nlmphotonics.com\/wp-content\/uploads\/2023\/06\/brad-header-1024x409.jpg 1024w, https:\/\/www.nlmphotonics.com\/wp-content\/uploads\/2023\/06\/brad-header-768x307.jpg 768w, https:\/\/www.nlmphotonics.com\/wp-content\/uploads\/2023\/06\/brad-header-1536x614.jpg 1536w, https:\/\/www.nlmphotonics.com\/wp-content\/uploads\/2023\/06\/brad-header-2048x818.jpg 2048w\" sizes=\"auto, (max-width: 300px) 100vw, 300px\" \/><\/div><a class=\"wp-block-latest-posts__post-title\" href=\"https:\/\/www.nlmphotonics.com\/fr\/2025\/12\/10\/photonics-and-data-center-business-leader-joins-as-vice-president-of-sales\/\">Photonics and Data Center Business Development Leader Varughese Mathew Joins NLM as Vice President of Sales<\/a><time datetime=\"2025-12-10T07:00:00-08:00\" class=\"wp-block-latest-posts__post-date\">d\u00e9cembre 10, 2025<\/time><\/li>\n<\/ul><\/div>\n<\/div>\n","protected":false},"excerpt":{"rendered":"<p>Les puces d\u2019ordinateur sont l\u2019invention humaine la plus complexe. Au cours des 50&nbsp;derni\u00e8res ann\u00e9es, la puce \u00e9lectronique et l\u2019int\u00e9gration de l\u2019\u00e9lectronique ont r\u00e9volutionn\u00e9 de tr\u00e8s nombreux aspects de notre soci\u00e9t\u00e9. Il faut plus de 3&nbsp;mois et 700&nbsp;\u00e9tapes pour produire une puce, sans compter les ann\u00e9es de conception et de d\u00e9veloppement. Les transistors qui les alimentent [&hellip;]<\/p>\n","protected":false},"author":1,"featured_media":0,"parent":0,"menu_order":0,"comment_status":"closed","ping_status":"closed","template":"blankpage.php","meta":{"nf_dc_page":"","footnotes":""},"class_list":["post-2654","page","type-page","status-publish","hentry"],"aioseo_notices":[],"_links":{"self":[{"href":"https:\/\/www.nlmphotonics.com\/fr\/wp-json\/wp\/v2\/pages\/2654","targetHints":{"allow":["GET"]}}],"collection":[{"href":"https:\/\/www.nlmphotonics.com\/fr\/wp-json\/wp\/v2\/pages"}],"about":[{"href":"https:\/\/www.nlmphotonics.com\/fr\/wp-json\/wp\/v2\/types\/page"}],"author":[{"embeddable":true,"href":"https:\/\/www.nlmphotonics.com\/fr\/wp-json\/wp\/v2\/users\/1"}],"replies":[{"embeddable":true,"href":"https:\/\/www.nlmphotonics.com\/fr\/wp-json\/wp\/v2\/comments?post=2654"}],"version-history":[{"count":4,"href":"https:\/\/www.nlmphotonics.com\/fr\/wp-json\/wp\/v2\/pages\/2654\/revisions"}],"predecessor-version":[{"id":2847,"href":"https:\/\/www.nlmphotonics.com\/fr\/wp-json\/wp\/v2\/pages\/2654\/revisions\/2847"}],"wp:attachment":[{"href":"https:\/\/www.nlmphotonics.com\/fr\/wp-json\/wp\/v2\/media?parent=2654"}],"curies":[{"name":"wp","href":"https:\/\/api.w.org\/{rel}","templated":true}]}}