{"id":2188,"date":"2021-06-12T09:45:55","date_gmt":"2021-06-12T17:45:55","guid":{"rendered":"https:\/\/www.nonlinearmaterials.com\/?page_id=2188"},"modified":"2022-01-26T17:05:55","modified_gmt":"2022-01-27T01:05:55","slug":"conseil-consultatif","status":"publish","type":"page","link":"https:\/\/www.nlmphotonics.com\/fr\/a-propos-de-nous\/conseil-consultatif\/","title":{"rendered":"Conseil consultatif"},"content":{"rendered":"\n<div class=\"wp-block-group__inner-container\"><div class=\"photo\"><img loading=\"lazy\" decoding=\"async\" class=\"lead size-thumbnail wp-image-144 alignright\" src=\"\/wp-content\/uploads\/2019\/01\/team-bruce.jpg\" alt=\"Bruce H. Robinson, Ph.D.\" width=\"150\" height=\"150\" srcset=\"https:\/\/www.nlmphotonics.com\/wp-content\/uploads\/2019\/01\/team-bruce.jpg 380w, https:\/\/www.nlmphotonics.com\/wp-content\/uploads\/2019\/01\/team-bruce-150x150.jpg 150w, https:\/\/www.nlmphotonics.com\/wp-content\/uploads\/2019\/01\/team-bruce-300x300.jpg 300w, https:\/\/www.nlmphotonics.com\/wp-content\/uploads\/2019\/01\/team-bruce-100x100.jpg 100w, https:\/\/www.nlmphotonics.com\/wp-content\/uploads\/2019\/01\/team-bruce-50x50.jpg 50w\" sizes=\"auto, (max-width: 150px) 100vw, 150px\" \/><\/div><div class=\"title\"><h2>Bruce H. Robinson, Ph.D.<\/h2>\n<h3>Conseiller scientifique s\u00e9nior<\/h3><p><a href=\"https:\/\/www.linkedin.com\/in\/bruce-robinson-7719671a\/\" target=\"_blank\" rel=\"noopener noreferrer\"><img loading=\"lazy\" decoding=\"async\" class=\"alignnone\" src=\"\/wp-content\/uploads\/2020\/04\/linkedin.gif\" alt=\"LinkedIn\" width=\"50\" height=\"50\"><\/a><\/p><\/div><div class=\"bio\">Le Dr Bruce H. Robinson est professeur au d\u00e9partement de chimie de l&#8217;Universit\u00e9 de Washington depuis 1980. Il con\u00e7oit des mol\u00e9cules pour des applications \u00e9lectro-optiques et d\u00e9veloppe et utilise des m\u00e9thodes de mod\u00e9lisation th\u00e9orique pour optimiser leurs performances. Il a r\u00e9dig\u00e9 plus de 200 articles \u00e9valu\u00e9s par des pairs et a publi\u00e9 dans les domaines de la r\u00e9sonance magn\u00e9tique, de la m\u00e9canique quantique, de la m\u00e9canique statistique et de l&#8217;\u00e9lectrodynamique. Il est membre de l&#8217;American Association for the Advancement of Science et est actuellement titulaire de la chaire Larry R. Dalton en chimie.<\/div><\/div>\n<div class=\"wp-block-group__inner-container\">\n<div class=\"photo\"><img loading=\"lazy\" decoding=\"async\" class=\"lead size-thumbnail wp-image-211 alignright\" src=\"\/wp-content\/uploads\/2019\/01\/team-arka.jpg\" alt=\"Arka Majumdar, Ph.D.\" width=\"150\" height=\"150\" srcset=\"https:\/\/www.nlmphotonics.com\/wp-content\/uploads\/2019\/01\/team-arka.jpg 380w, https:\/\/www.nlmphotonics.com\/wp-content\/uploads\/2019\/01\/team-arka-150x150.jpg 150w, https:\/\/www.nlmphotonics.com\/wp-content\/uploads\/2019\/01\/team-arka-300x300.jpg 300w, https:\/\/www.nlmphotonics.com\/wp-content\/uploads\/2019\/01\/team-arka-100x100.jpg 100w, https:\/\/www.nlmphotonics.com\/wp-content\/uploads\/2019\/01\/team-arka-50x50.jpg 50w\" sizes=\"auto, (max-width: 150px) 100vw, 150px\" \/><\/div><div class=\"title\"><h2>Arka Majumdar, Ph.D.<\/h2>\n<h3>Conseiller scientifique<\/h3><p><a href=\"https:\/\/www.linkedin.com\/in\/arka-majumdar-ba582983\/\" target=\"_blank\" rel=\"noopener noreferrer\"><img loading=\"lazy\" decoding=\"async\" class=\"alignnone\" src=\"\/wp-content\/uploads\/2020\/04\/linkedin.gif\" alt=\"LinkedIn\" width=\"50\" height=\"50\"><\/a><\/p><\/div>\n<div class=\"bio\">Arka Majumdar est professeur adjoint aux d\u00e9partements d&#8217;ing\u00e9nierie \u00e9lectrique et informatique et de physique de l&#8217;Universit\u00e9 de Washington. Il a obtenu une licence en technologie \u00e0 l&#8217;Indian Institute of Technology, \u00e0 Kharagpur, en 2007, o\u00f9 il a re\u00e7u la m\u00e9daille d&#8217;or du pr\u00e9sident. Le Dr Majumdar a obtenu son Master (2009) et son doctorat (2012) en g\u00e9nie \u00e9lectrique \u00e0 l&#8217;Universit\u00e9 de Stanford. Le Dr Majumdar a ensuite pass\u00e9 un an comme postdoctorant \u00e0 l&#8217;Universit\u00e9 de Californie \u00e0 Berkeley (2012-13), puis aux Intel Labs \u00e0 Santa Clara, en Californie (2013-14). Ses recherches portent notamment sur le d\u00e9veloppement d&#8217;une plateforme nanophotonique int\u00e9gr\u00e9e hybride utilisant des syst\u00e8mes de mat\u00e9riaux \u00e9mergents pour des applications en informatique optique \u00e0 ultra-basse puissance, en imagerie et en microscopie. Le Dr Majumdar a re\u00e7u le prix Young Investigator de l&#8217;Air Force Office of Scientific Research (2015), le prix Intel Early Career Faculty (2015), la bourse Amazon Catalyst (2016), la bourse de recherche Alfred P. Sloan pour la physique (2018) et le prix NSF CAREER (2019).<\/div><\/div>\n<div class=\"wp-block-group__inner-container\">\n<div class=\"photo\"><img loading=\"lazy\" decoding=\"async\" class=\"lead wp-image-633 size-thumbnail alignright\" src=\"\/wp-content\/uploads\/2019\/11\/team-phil-150x150.jpg\" alt=\"Philip Sullivan, Ph.D.\" width=\"150\" height=\"150\" srcset=\"https:\/\/www.nlmphotonics.com\/wp-content\/uploads\/2019\/11\/team-phil-150x150.jpg 150w, https:\/\/www.nlmphotonics.com\/wp-content\/uploads\/2019\/11\/team-phil-300x300.jpg 300w, https:\/\/www.nlmphotonics.com\/wp-content\/uploads\/2019\/11\/team-phil-100x100.jpg 100w, https:\/\/www.nlmphotonics.com\/wp-content\/uploads\/2019\/11\/team-phil-50x50.jpg 50w, https:\/\/www.nlmphotonics.com\/wp-content\/uploads\/2019\/11\/team-phil.jpg 380w\" sizes=\"auto, (max-width: 150px) 100vw, 150px\" \/><\/div><div class=\"title\"><h2>Philip Sullivan, Ph.D.<\/h2>\n<h3>Conseiller scientifique<\/h3><p><a href=\"https:\/\/www.linkedin.com\/in\/philip-sullivan-6488975\/\" target=\"_blank\" rel=\"noopener noreferrer\"><img loading=\"lazy\" decoding=\"async\" class=\"alignnone\" src=\"\/wp-content\/uploads\/2020\/04\/linkedin.gif\" alt=\"LinkedIn\" width=\"50\" height=\"50\"><\/a><\/p><\/div><div class=\"bio\">Philip A. Sullivan a obtenu sa licence en chimie avec mention \u00e0 l&#8217;Universit\u00e9 d&#8217;\u00c9tat du Montana en 2000, et son doctorat en chimie et nanotechnologie en 2006 \u00e0 l&#8217;Universit\u00e9 de Washington, o\u00f9 il a travaill\u00e9 avec le professeur Larry R. Dalton. Ses travaux de th\u00e8se portaient sur les mat\u00e9riaux organiques destin\u00e9s aux applications de l&#8217;optique non lin\u00e9aire. En 2006, le Dr Sullivan a cofond\u00e9 Seattle Polymer, LLC, une soci\u00e9t\u00e9 de conseil ax\u00e9e sur la r\u00e9solution des probl\u00e8mes li\u00e9s aux mat\u00e9riaux et \u00e0 la technologie chimique d&#8217;int\u00e9r\u00eat commercial. En 2010, il a rejoint Intellectual Ventures Labs et a cod\u00e9velopp\u00e9 la technologie du m\u00e9tamat\u00e9riau accordable sur laquelle repose l&#8217;antenne satellite \u00e0 panneau plat de Kymeta Corporation. En 2011, il a rejoint le corps enseignant de l&#8217;Universit\u00e9 d&#8217;\u00c9tat du Montana en tant que professeur assistant de recherche, se concentrant sur la recherche fondamentale sur les mat\u00e9riaux organiques, financ\u00e9e principalement par le d\u00e9partement am\u00e9ricain de la D\u00e9fense. Il a \u00e9crit plus de 50 publications scientifiques et chapitres d&#8217;ouvrages et est un inventeur nomm\u00e9 sur de nombreux brevets am\u00e9ricains et internationaux importants.<\/div><\/div>\n<div class=\"wp-block-group__inner-container\">\n<div class=\"photo\"><img loading=\"lazy\" decoding=\"async\" class=\"lead wp-image-618 size-thumbnail alignright\" src=\"\/wp-content\/uploads\/2019\/10\/jaffe-150x150.jpg\" alt=\"John Jaffe, Ph.D.\" width=\"150\" height=\"150\" srcset=\"https:\/\/www.nlmphotonics.com\/wp-content\/uploads\/2019\/10\/jaffe-150x150.jpg 150w, https:\/\/www.nlmphotonics.com\/wp-content\/uploads\/2019\/10\/jaffe-300x300.jpg 300w, https:\/\/www.nlmphotonics.com\/wp-content\/uploads\/2019\/10\/jaffe-100x100.jpg 100w, https:\/\/www.nlmphotonics.com\/wp-content\/uploads\/2019\/10\/jaffe-50x50.jpg 50w, https:\/\/www.nlmphotonics.com\/wp-content\/uploads\/2019\/10\/jaffe.jpg 380w\" sizes=\"auto, (max-width: 150px) 100vw, 150px\" \/><\/div><div class=\"title\"><h2>John Jaffe, Ph.D.<\/h2>\n<h3>Conseiller scientifique<\/h3><p><a href=\"https:\/\/www.linkedin.com\/in\/john-jaffe-1489ab73\/\" target=\"_blank\" rel=\"noopener noreferrer\"><img loading=\"lazy\" decoding=\"async\" class=\"alignnone\" src=\"\/wp-content\/uploads\/2020\/04\/linkedin.gif\" alt=\"LinkedIn\" width=\"50\" height=\"50\"><\/a><\/p><\/div><div class=\"bio\">Le Dr John Jaffe est titulaire d&#8217;un doctorat en physique de l&#8217;Universit\u00e9 Cornell et poss\u00e8de 34 ans d&#8217;exp\u00e9rience dans le domaine de la physique th\u00e9orique et computationnelle de l&#8217;\u00e9tat solide, plus r\u00e9cemment au Pacific Northwest National Laboratory. Il a \u00e9galement enseign\u00e9 la physique \u00e0 l&#8217;Universit\u00e9 technologique du Michigan et enseigne actuellement les math\u00e9matiques au Columbia Basin College.<\/div><\/div>\n<div class=\"wp-block-group__inner-container\">\n<div class=\"photo\"><img loading=\"lazy\" decoding=\"async\" class=\"lead wp-image-160 size-thumbnail alignright\" src=\"\/wp-content\/uploads\/2019\/01\/team-natalie-150x150.jpg\" alt=\"Natalie Angelillo\" width=\"150\" height=\"150\" srcset=\"https:\/\/www.nlmphotonics.com\/wp-content\/uploads\/2019\/01\/team-natalie-150x150.jpg 150w, https:\/\/www.nlmphotonics.com\/wp-content\/uploads\/2019\/01\/team-natalie-300x300.jpg 300w, https:\/\/www.nlmphotonics.com\/wp-content\/uploads\/2019\/01\/team-natalie-100x100.jpg 100w, https:\/\/www.nlmphotonics.com\/wp-content\/uploads\/2019\/01\/team-natalie-50x50.jpg 50w, https:\/\/www.nlmphotonics.com\/wp-content\/uploads\/2019\/01\/team-natalie.jpg 380w\" sizes=\"auto, (max-width: 150px) 100vw, 150px\" \/><\/div><div class=\"title\"><h2>Natalie Angelillo<\/h2>\n<h3>Conseill\u00e8re<\/h3><p><a href=\"https:\/\/www.linkedin.com\/in\/natalie-angelillo-22ab0618\/\" target=\"_blank\" rel=\"noopener noreferrer\"><img loading=\"lazy\" decoding=\"async\" class=\"alignnone\" src=\"\/wp-content\/uploads\/2020\/04\/linkedin.gif\" alt=\"LinkedIn\" width=\"50\" height=\"50\"><\/a><\/p><\/div><div class=\"bio\">Sp\u00e9cialiste du marketing et entrepreneuse chevronn\u00e9e, Natalie Angelillo est actuellement vice-pr\u00e9sidente de la communaut\u00e9 et des communications chez OfferUp, o\u00f9 elle supervise la strat\u00e9gie de marque et les partenariats commerciaux de l&#8217;entreprise. Depuis pr\u00e8s de 20 ans, elle cr\u00e9\u00e9, dirige et conseille des startups ax\u00e9es sur la communaut\u00e9, avec une exp\u00e9rience dans un large \u00e9ventail de technologies et d&#8217;industries. Mme Angelillo a \u00e9t\u00e9 fondatrice et DG de SwopBoard, cofondatrice de Swink Style Bar et DG de Photozone. Elle \u00e9tait auparavant vice-pr\u00e9sidente charg\u00e9e du contenu et des produits et vice-pr\u00e9sidente s\u00e9nior charg\u00e9e des affaires commerciales chez Getty Images. Mme Angelillo est titulaire d&#8217;une licence de l&#8217;Universit\u00e9 de Californie \u00e0 Berkeley et d&#8217;un Master de l&#8217;Universit\u00e9 de Washington. Elle est membre du conseil d&#8217;administration consultatif du Henry Contemporary Art Museum et conseill\u00e8re de la startup Stylyze de Seattle.<\/div><\/div>\n<div class=\"wp-block-group__inner-container\">\n<div class=\"photo\"><img loading=\"lazy\" decoding=\"async\" class=\"lead wp-image-161 size-thumbnail alignright\" src=\"\/wp-content\/uploads\/2019\/01\/team-david-150x150.jpg\" alt=\"David A. Sparks\" width=\"150\" height=\"150\" srcset=\"https:\/\/www.nlmphotonics.com\/wp-content\/uploads\/2019\/01\/team-david-150x150.jpg 150w, https:\/\/www.nlmphotonics.com\/wp-content\/uploads\/2019\/01\/team-david-300x300.jpg 300w, https:\/\/www.nlmphotonics.com\/wp-content\/uploads\/2019\/01\/team-david-100x100.jpg 100w, https:\/\/www.nlmphotonics.com\/wp-content\/uploads\/2019\/01\/team-david-50x50.jpg 50w, https:\/\/www.nlmphotonics.com\/wp-content\/uploads\/2019\/01\/team-david.jpg 380w\" sizes=\"auto, (max-width: 150px) 100vw, 150px\" \/><\/div><div class=\"title\"><h2>David A. Sparks<\/h2>\n<h3>Conseiller<\/h3><p><a href=\"https:\/\/www.linkedin.com\/in\/david-sparks-090b3816\/\" target=\"_blank\" rel=\"noopener noreferrer\"><img loading=\"lazy\" decoding=\"async\" class=\"alignnone\" src=\"\/wp-content\/uploads\/2020\/04\/linkedin.gif\" alt=\"LinkedIn\" width=\"50\" height=\"50\"><\/a><\/p><\/div><div class=\"bio\">David A. Sparks a dirig\u00e9 des startups technologiques ax\u00e9es sur le d\u00e9veloppement de r\u00e9seaux sans fil au cours des 20 derni\u00e8res ann\u00e9es. Il a \u00e9t\u00e9 le fondateur et le DG de trois startups cons\u00e9cutives, de leur cr\u00e9ation \u00e0 leur sortie et \u00e0 leur int\u00e9gration. M. Sparks est connu pour son leadership dans des entit\u00e9s nationales de d\u00e9veloppement et d&#8217;ing\u00e9nierie de r\u00e9seaux sans fil. Il est actuellement commissaire \u00e9lu du King County Utility District dans l&#8217;\u00c9tat de Washington et directeur de Davis Bay Consulting (conseil en t\u00e9l\u00e9communications). Il est titulaire d&#8217;une licence en finances et comptabilit\u00e9 de l&#8217;Universit\u00e9 Western Washington et d&#8217;un Master en strat\u00e9gie d&#8217;entreprise de l&#8217;Universit\u00e9 McGill \u00e0 Montr\u00e9al (Qu\u00e9bec).<\/div>\n<\/div>\n<div class=\"wp-block-group__inner-container\">\n<div class=\"photo\"><img loading=\"lazy\" decoding=\"async\" class=\"leadalignleft size-thumbnail wp-image-712\" src=\"\/wp-content\/uploads\/2019\/12\/team-michael.jpg\" alt=\"Michael Mrejen, Ph.D.\" width=\"150\" height=\"150\" srcset=\"https:\/\/www.nlmphotonics.com\/wp-content\/uploads\/2019\/12\/team-michael.jpg 380w, https:\/\/www.nlmphotonics.com\/wp-content\/uploads\/2019\/12\/team-michael-300x300.jpg 300w, https:\/\/www.nlmphotonics.com\/wp-content\/uploads\/2019\/12\/team-michael-150x150.jpg 150w, https:\/\/www.nlmphotonics.com\/wp-content\/uploads\/2019\/12\/team-michael-100x100.jpg 100w, https:\/\/www.nlmphotonics.com\/wp-content\/uploads\/2019\/12\/team-michael-50x50.jpg 50w\" sizes=\"auto, (max-width: 150px) 100vw, 150px\" \/><\/div>\n<div class=\"title\">\n<h2>Michael Mrejen, Ph.D.<\/h2>\n<h3>Directeur du g\u00e9nie optique<\/h3>\n<p><a href=\"https:\/\/www.linkedin.com\/in\/michaelmrejen\/\" target=\"_blank\" rel=\"noopener noreferrer\"><img loading=\"lazy\" decoding=\"async\" class=\"alignnone\" src=\"\/wp-content\/uploads\/2020\/04\/linkedin.gif\" alt=\"LinkedIn\" width=\"50\" height=\"50\"><\/a><\/p>\n<\/div>\n<div class=\"bio\">Fort de 15 ans d&#8217;exp\u00e9rience en recherche et d\u00e9veloppement dans l&#8217;industrie priv\u00e9e et le milieu universitaire, Michael Mrejen est passionn\u00e9 par le rapprochement entre la recherche fondamentale et la technologie de pointe. Il se concentre sur l&#8217;exploration des interactions lumi\u00e8re-mati\u00e8re ultrarapides dans les nanostructures plasmoniques, la photonique sur silicium et les mat\u00e9riaux 2D, ainsi que sur l&#8217;application de l&#8217;apprentissage automatique \u00e0 la nanophotonique. Michael Mrejen a publi\u00e9 17 articles \u00e9valu\u00e9s par des pairs et est titulaire de quatre brevets. Il a obtenu son doctorat en sciences et technologies appliqu\u00e9es, sous la direction du professeur Xiang Zhang, \u00e0 l&#8217;Universit\u00e9 de Californie \u00e0 Berkeley en 2015, et son Master en physique appliqu\u00e9e \u00e0 l&#8217;Universit\u00e9 h\u00e9bra\u00efque de J\u00e9rusalem en 2007. Michael Mrejen est titulaire d&#8217;une licence en g\u00e9nie optique obtenue en 2003 au Technion (Institut isra\u00e9lien de technologie).<\/div>\n<\/div>\n<div class=\"wp-block-group__inner-container\">\n<div class=\"photo\"><img loading=\"lazy\" decoding=\"async\" class=\"leadalignleft size-thumbnail wp-image-712\" src=\"\/wp-content\/uploads\/2021\/02\/Ken-Block-1.jpg\" alt=\"Ken Block\" width=\"150\" height=\"150\"><\/div>\n<div class=\"title\">\n<h2>Ken Block<\/h2>\n<h3>Conseiller<\/h3>\n<p><a href=\"https:\/\/www.linkedin.com\/in\/kenneth-block-844a618\/\" target=\"_blank\" rel=\"noopener noreferrer\"><img loading=\"lazy\" decoding=\"async\" class=\"alignnone\" src=\"\/wp-content\/uploads\/2020\/04\/linkedin.gif\" alt=\"LinkedIn\" width=\"50\" height=\"50\"><\/a><\/p>\n<\/div>\n<div class=\"bio\">Ken Block est le directeur de Block Capital LLC et est bas\u00e9 \u00e0 Seattle. En tant qu&#8217;investisseur, il souhaite d\u00e9couvrir et soutenir les technologies de pointe qui am\u00e9lioreront notre vie \u00e0 tous dans les ann\u00e9es \u00e0 venir. Auparavant, Ken \u00e9tait le pr\u00e9sident de Block and Company, Inc. (vendue en 2018), un fabricant et distributeur de produits de bureau et de s\u00e9curit\u00e9 par le biais de Staples, Office Depot, Amazon et Wal-Mart. Il est un investisseur providentiel actif et un d\u00e9fenseur des organisations \u00e0 but non lucratif. Ken Block si\u00e8ge actuellement au conseil d&#8217;administration de Stylyze, Inc. et a d\u00e9j\u00e0 fait partie des conseils d&#8217;administration de Butter LONDON LLC, Primus Knowledge Solutions et University Preparatory Academy. Il a obtenu un Master en \u00e9tudes chinoises \u00e0 l&#8217;Universit\u00e9 de Washington et une licence au Claremont McKenna College.<\/div>\n<\/div>\n<div class=\"wp-block-group__inner-container\">\n<div class=\"photo\"><img loading=\"lazy\" decoding=\"async\" class=\"leadalignleft size-thumbnail wp-image-712\" src=\"\/wp-content\/uploads\/2021\/02\/Fabien-Mousseau.jpg\" alt=\"Fabien Mousseau\" width=\"150\" height=\"150\"><\/div>\n<div class=\"title\">\n<h2>Fabien Mousseau<\/h2>\n<h3>Conseiller<\/h3>\n<p><a href=\"https:\/\/www.linkedin.com\/in\/fabienmousseau\/\" target=\"_blank\" rel=\"noopener noreferrer\"><img loading=\"lazy\" decoding=\"async\" class=\"alignnone\" src=\"\/wp-content\/uploads\/2020\/04\/linkedin.gif\" alt=\"LinkedIn\" width=\"50\" height=\"50\"><\/a><\/p>\n<\/div>\n<div class=\"bio\">Fabien Mousseau a plus de 18 ans d&#8217;exp\u00e9rience en tant que responsable financier, g\u00e9n\u00e9rant des informations strat\u00e9giques, conduisant une planification et des d\u00e9cisions financi\u00e8res et commerciales intelligentes, concevant des strat\u00e9gies de tarification, g\u00e9rant les risques, optimisant la structure des co\u00fbts et \u00e9tablissant des processus de reporting. Il est actuellement vice-pr\u00e9sident s\u00e9nior et dirige la planification et l&#8217;analyse financi\u00e8res chez Core Scientific, qui fournit des infrastructures et des solutions logicielles de blockchain et d&#8217;IA. Au cours de ses 15 ann\u00e9es pass\u00e9es chez Microsoft, Fabien Mousseau a travaill\u00e9 directement avec le DG pour mettre en place un cadre de croissance du chiffre d&#8217;affaires. Il a \u00e9galement \u00e9t\u00e9 directeur financier de Windows Business Group, une entreprise de plus de 15 milliards de dollars pour Microsoft. Fabien Mousseau y a fait \u00e9voluer les offres vers un mod\u00e8le SaaS d&#8217;entreprise et a analys\u00e9 les opportunit\u00e9s d&#8217;acquisition pour la croissance des entreprises commerciales. Il est titulaire d&#8217;un Master en g\u00e9nie de l&#8217;environnement de l&#8217;Universit\u00e9 de Californie \u00e0 Berkeley, d&#8217;un Master de la Harvard Business School et d&#8217;un dipl\u00f4me d&#8217;ing\u00e9nieur de l&#8217;\u00c9cole polytechnique en France.<\/div>\n<\/div>\n\n\n\n<p><\/p>\n","protected":false},"excerpt":{"rendered":"<p>Bruce H. Robinson, Ph.D. Conseiller scientifique s\u00e9nior Le Dr Bruce H. Robinson est professeur au d\u00e9partement de chimie de l&#8217;Universit\u00e9 de Washington depuis 1980. Il con\u00e7oit des mol\u00e9cules pour des applications \u00e9lectro-optiques et d\u00e9veloppe et utilise des m\u00e9thodes de mod\u00e9lisation th\u00e9orique pour optimiser leurs performances. Il a r\u00e9dig\u00e9 plus de 200 articles \u00e9valu\u00e9s par des [&hellip;]<\/p>\n","protected":false},"author":1,"featured_media":2116,"parent":2191,"menu_order":0,"comment_status":"closed","ping_status":"closed","template":"fullwidth.php","meta":{"nf_dc_page":"","footnotes":""},"class_list":["post-2188","page","type-page","status-publish","has-post-thumbnail","hentry"],"aioseo_notices":[],"_links":{"self":[{"href":"https:\/\/www.nlmphotonics.com\/fr\/wp-json\/wp\/v2\/pages\/2188","targetHints":{"allow":["GET"]}}],"collection":[{"href":"https:\/\/www.nlmphotonics.com\/fr\/wp-json\/wp\/v2\/pages"}],"about":[{"href":"https:\/\/www.nlmphotonics.com\/fr\/wp-json\/wp\/v2\/types\/page"}],"author":[{"embeddable":true,"href":"https:\/\/www.nlmphotonics.com\/fr\/wp-json\/wp\/v2\/users\/1"}],"replies":[{"embeddable":true,"href":"https:\/\/www.nlmphotonics.com\/fr\/wp-json\/wp\/v2\/comments?post=2188"}],"version-history":[{"count":3,"href":"https:\/\/www.nlmphotonics.com\/fr\/wp-json\/wp\/v2\/pages\/2188\/revisions"}],"predecessor-version":[{"id":2639,"href":"https:\/\/www.nlmphotonics.com\/fr\/wp-json\/wp\/v2\/pages\/2188\/revisions\/2639"}],"up":[{"embeddable":true,"href":"https:\/\/www.nlmphotonics.com\/fr\/wp-json\/wp\/v2\/pages\/2191"}],"wp:featuredmedia":[{"embeddable":true,"href":"https:\/\/www.nlmphotonics.com\/fr\/wp-json\/wp\/v2\/media\/2116"}],"wp:attachment":[{"href":"https:\/\/www.nlmphotonics.com\/fr\/wp-json\/wp\/v2\/media?parent=2188"}],"curies":[{"name":"wp","href":"https:\/\/api.w.org\/{rel}","templated":true}]}}