{"id":2226,"date":"2021-06-14T17:00:34","date_gmt":"2021-06-15T01:00:34","guid":{"rendered":"https:\/\/www.nonlinearmaterials.com\/?page_id=2226"},"modified":"2022-01-26T16:57:38","modified_gmt":"2022-01-27T00:57:38","slug":"vorstand","status":"publish","type":"page","link":"https:\/\/www.nlmphotonics.com\/de\/ueber-uns\/vorstand\/","title":{"rendered":"Vorstand"},"content":{"rendered":"\n<div class=\"wp-block-group__inner-container\"><div class=\"photo\"><img loading=\"lazy\" decoding=\"async\" class=\"lead size-thumbnail wp-image-144 alignright\" src=\"\/wp-content\/uploads\/2019\/01\/team-bruce.jpg\" alt=\"Bruce H. Robinson, Ph.D.\" width=\"150\" height=\"150\" srcset=\"https:\/\/www.nlmphotonics.com\/wp-content\/uploads\/2019\/01\/team-bruce.jpg 380w, https:\/\/www.nlmphotonics.com\/wp-content\/uploads\/2019\/01\/team-bruce-150x150.jpg 150w, https:\/\/www.nlmphotonics.com\/wp-content\/uploads\/2019\/01\/team-bruce-300x300.jpg 300w, https:\/\/www.nlmphotonics.com\/wp-content\/uploads\/2019\/01\/team-bruce-100x100.jpg 100w, https:\/\/www.nlmphotonics.com\/wp-content\/uploads\/2019\/01\/team-bruce-50x50.jpg 50w\" sizes=\"auto, (max-width: 150px) 100vw, 150px\" \/><\/div><div class=\"title\"><h2>Bruce H. Robinson, Ph.D.<\/h2>\n<h3>Senior Scientific Advisor<\/h3><p><a href=\"https:\/\/www.linkedin.com\/in\/bruce-robinson-7719671a\/\" target=\"_blank\" rel=\"noopener noreferrer\"><img loading=\"lazy\" decoding=\"async\" class=\"alignnone\" src=\"\/wp-content\/uploads\/2020\/04\/linkedin.gif\" alt=\"LinkedIn\" width=\"50\" height=\"50\"><\/a><\/p><\/div><div class=\"bio\">Dr. Bruce H. Robinson ist Professor an der Chemischen Fakult\u00e4t der University of Washington und ist dort seit 1980 besch\u00e4ftigt. Er entwirft Molek\u00fcle f\u00fcr elektrooptische Anwendungen und entwickelt und verwendet theoretische Modellierungsmethoden zur Leistungsoptimierung. Dr. Robinson hat \u00fcber 200 begutachtete (peer reviewed) Publikationen verfasst und hat in den Gebieten der Magnetresonanz, Quantenmechanik, statistischen Mechanik und Elektrodynamik ver\u00f6ffentlicht. Er ist Mitglied der American Association for the Advancement of Science und hat derzeit den Lehrstuhl f\u00fcr Chemie des emeritierten Professors Larry R. Dalton inne.<\/div><\/div>\n<div class=\"wp-block-group__inner-container\">\n<div class=\"photo\"><img loading=\"lazy\" decoding=\"async\" class=\"lead size-thumbnail wp-image-211 alignright\" src=\"\/wp-content\/uploads\/2019\/01\/team-arka.jpg\" alt=\"Arka Majumdar, Ph.D.\" width=\"150\" height=\"150\" srcset=\"https:\/\/www.nlmphotonics.com\/wp-content\/uploads\/2019\/01\/team-arka.jpg 380w, https:\/\/www.nlmphotonics.com\/wp-content\/uploads\/2019\/01\/team-arka-150x150.jpg 150w, https:\/\/www.nlmphotonics.com\/wp-content\/uploads\/2019\/01\/team-arka-300x300.jpg 300w, https:\/\/www.nlmphotonics.com\/wp-content\/uploads\/2019\/01\/team-arka-100x100.jpg 100w, https:\/\/www.nlmphotonics.com\/wp-content\/uploads\/2019\/01\/team-arka-50x50.jpg 50w\" sizes=\"auto, (max-width: 150px) 100vw, 150px\" \/><\/div><div class=\"title\"><h2>Arka Majumdar, Ph.D.<\/h2>\n<h3>Scientific Advisor<\/h3><p><a href=\"https:\/\/www.linkedin.com\/in\/arka-majumdar-ba582983\/\" target=\"_blank\" rel=\"noopener noreferrer\"><img loading=\"lazy\" decoding=\"async\" class=\"alignnone\" src=\"\/wp-content\/uploads\/2020\/04\/linkedin.gif\" alt=\"LinkedIn\" width=\"50\" height=\"50\"><\/a><\/p><\/div>\n<div class=\"bio\">Dr. Arka Majumdar ist Assistant Professor an den Fakult\u00e4ten f\u00fcr Elektrotechnik, Informatik und Physik der University of Washington. 2007 hat er einen Bachelor-of-Technology-Abschluss am Indian Institute of Technology Kharagpur gemacht, wo er mit der Goldmedaille des Pr\u00e4sidenten ausgezeichnet wurde. Dr. Majumdar hat seinen Master-of-Science-Abschluss (2009) und seinen Doktortitel (2012) in Elektrotechnik an der Stanford University gemacht. Nach seiner Promotion verbrachte er ein Jahr als Stipendiat an der University of California, in Berkeley (2012\u201313) und anschlie\u00dfend bei Intel Labs in Santa Clara, Kalifornien (2013\u201314). Zu seinen Forschungsschwerpunkten z\u00e4hlt die Entwicklung einer integrierten nanophotonischen Hybridplattform mithilfe von Materialsystemen f\u00fcr Anwendungen mit minimaler Ausgangsleistung in der optischen Informationswissenschaft, Abbildung und Mikroskopie. Dr. Majumdar erhielt den Young Investigator Award vom Air Force Office of Scientific Research (2015), den Intel Early Career Faculty Award (2015), die Amazon Catalyst Fellowship (2016), die Alfred P. Sloan Research Fellowship for Physics (2018) und den NSF CAREER Award (2019).<\/div><\/div>\n<div class=\"wp-block-group__inner-container\">\n<div class=\"photo\"><img loading=\"lazy\" decoding=\"async\" class=\"lead wp-image-633 size-thumbnail alignright\" src=\"\/wp-content\/uploads\/2019\/11\/team-phil-150x150.jpg\" alt=\"Philip Sullivan, Ph.D.\" width=\"150\" height=\"150\" srcset=\"https:\/\/www.nlmphotonics.com\/wp-content\/uploads\/2019\/11\/team-phil-150x150.jpg 150w, https:\/\/www.nlmphotonics.com\/wp-content\/uploads\/2019\/11\/team-phil-300x300.jpg 300w, https:\/\/www.nlmphotonics.com\/wp-content\/uploads\/2019\/11\/team-phil-100x100.jpg 100w, https:\/\/www.nlmphotonics.com\/wp-content\/uploads\/2019\/11\/team-phil-50x50.jpg 50w, https:\/\/www.nlmphotonics.com\/wp-content\/uploads\/2019\/11\/team-phil.jpg 380w\" sizes=\"auto, (max-width: 150px) 100vw, 150px\" \/><\/div><div class=\"title\"><h2>Philip Sullivan, Ph.D.<\/h2>\n<h3>Scientific Advisor<\/h3><p><a href=\"https:\/\/www.linkedin.com\/in\/philip-sullivan-6488975\/\" target=\"_blank\" rel=\"noopener noreferrer\"><img loading=\"lazy\" decoding=\"async\" class=\"alignnone\" src=\"\/wp-content\/uploads\/2020\/04\/linkedin.gif\" alt=\"LinkedIn\" width=\"50\" height=\"50\"><\/a><\/p><\/div><div class=\"bio\">Dr. Philip A. Sullivan hat 2000 einen Bachelor-of-Science-Abschluss in Chemie an der Montana State University gemacht und 2006 wurde ihm ein Doktortitel in Chemie und Nanotechnologie von der University of Washington verliehen. Zu dieser Zeit arbeitete er mit Professor Larry R. Dalton zusammen. In seiner Dissertationsforschung konzentrierte er sich auf organische Werkstoffe f\u00fcr nichtlineare optische Anwendungen. 2006 hat Dr. Sullivan Seattle Polymer, LLC. mitbegr\u00fcndet, ein Beratungsunternehmen mit Schwerpunkt der Behebung von Problemen mit Werkstoffen und chemischen Technologien von kommerziellem Interesse. 2010 ging er zu Intellectual Ventures Labs und war an der Entwicklung der regelbaren Metamaterialtechnologie hinter der Satelliten-Flachantenne von Kymeta beteiligt. 2011 begann Dr. Sullivan als Research Assistant Professor an der Fakult\u00e4t der Montana State University mit dem Schwerpunkt der Grundlagenforschung an organischen Werkstoffen zu arbeiten. Finanziert wurde diese Forschung gr\u00f6\u00dftenteils vom US-amerikanischen Verteidigungsministerium. Er hat \u00fcber 50 wissenschaftliche Publikationen und Buchkapitel verfasst und wird in vielen wichtigen US-amerikanischen sowie internationalen Patenten als Erfinder aufgef\u00fchrt.<\/div><\/div>\n<div class=\"wp-block-group__inner-container\">\n<div class=\"photo\"><img loading=\"lazy\" decoding=\"async\" class=\"lead wp-image-618 size-thumbnail alignright\" src=\"\/wp-content\/uploads\/2019\/10\/jaffe-150x150.jpg\" alt=\"John Jaffe, Ph.D.\" width=\"150\" height=\"150\" srcset=\"https:\/\/www.nlmphotonics.com\/wp-content\/uploads\/2019\/10\/jaffe-150x150.jpg 150w, https:\/\/www.nlmphotonics.com\/wp-content\/uploads\/2019\/10\/jaffe-300x300.jpg 300w, https:\/\/www.nlmphotonics.com\/wp-content\/uploads\/2019\/10\/jaffe-100x100.jpg 100w, https:\/\/www.nlmphotonics.com\/wp-content\/uploads\/2019\/10\/jaffe-50x50.jpg 50w, https:\/\/www.nlmphotonics.com\/wp-content\/uploads\/2019\/10\/jaffe.jpg 380w\" sizes=\"auto, (max-width: 150px) 100vw, 150px\" \/><\/div><div class=\"title\"><h2>John Jaffe, Ph.D.<\/h2>\n<h3>Scientific Advisor<\/h3><p><a href=\"https:\/\/www.linkedin.com\/in\/john-jaffe-1489ab73\/\" target=\"_blank\" rel=\"noopener noreferrer\"><img loading=\"lazy\" decoding=\"async\" class=\"alignnone\" src=\"\/wp-content\/uploads\/2020\/04\/linkedin.gif\" alt=\"LinkedIn\" width=\"50\" height=\"50\"><\/a><\/p><\/div><div class=\"bio\">Dr. John Jaffe hat einen Doktortitel in Physik von der Cornell University und 34 Jahre Erfahrung in theoretischer Physik und rechnergest\u00fctzter Festk\u00f6rperphysik. Zuletzt sammelte er Erfahrung am Pacific Northwest National Laboratory und unterrichtete Physik an der Michigan Technological University. Derzeit lehrt er Mathematik am Columbia Basin College.<\/div><\/div>\n<div class=\"wp-block-group__inner-container\">\n<div class=\"photo\"><img loading=\"lazy\" decoding=\"async\" class=\"lead wp-image-160 size-thumbnail alignright\" src=\"\/wp-content\/uploads\/2019\/01\/team-natalie-150x150.jpg\" alt=\"Natalie Angelillo\" width=\"150\" height=\"150\" srcset=\"https:\/\/www.nlmphotonics.com\/wp-content\/uploads\/2019\/01\/team-natalie-150x150.jpg 150w, https:\/\/www.nlmphotonics.com\/wp-content\/uploads\/2019\/01\/team-natalie-300x300.jpg 300w, https:\/\/www.nlmphotonics.com\/wp-content\/uploads\/2019\/01\/team-natalie-100x100.jpg 100w, https:\/\/www.nlmphotonics.com\/wp-content\/uploads\/2019\/01\/team-natalie-50x50.jpg 50w, https:\/\/www.nlmphotonics.com\/wp-content\/uploads\/2019\/01\/team-natalie.jpg 380w\" sizes=\"auto, (max-width: 150px) 100vw, 150px\" \/><\/div><div class=\"title\"><h2>Natalie Angelillo<\/h2>\n<h3>Advisor<\/h3><p><a href=\"https:\/\/www.linkedin.com\/in\/natalie-angelillo-22ab0618\/\" target=\"_blank\" rel=\"noopener noreferrer\"><img loading=\"lazy\" decoding=\"async\" class=\"alignnone\" src=\"\/wp-content\/uploads\/2020\/04\/linkedin.gif\" alt=\"LinkedIn\" width=\"50\" height=\"50\"><\/a><\/p><\/div><div class=\"bio\">Natalie Angelillo war viele Jahre Vermarkterin und Unternehmerin. Derzeit ist sie als President of Community and Communications bei OfferUp t\u00e4tig und f\u00fcr die Beaufsichtigung der Markenstrategie des Unternehmens sowie der gesch\u00e4ftlichen Partnerschaften zust\u00e4ndig. Seit fast 20 Jahren hat sie gemeinschaftsorientierte Start-ups mit ihrem breiten Erfahrungsspektrum \u00fcber Technologien und Branchen aufgebaut, gef\u00fchrt und beraten. Natalie Angelillo war Gr\u00fcnderin und CEO von SwopBoard, Mitbegr\u00fcnderin von Swink Style Bar und CEO von Photozone. Zuvor war sie VP of Content and Product und SVP of Business Affairs bei Getty Images. Sie machte einen Bachelor-of-Arts-Abschluss an der University of California in Berkeley und einen Master-of-Arts-Abschluss an der University of Washington. Sie sitzt im Aufsichtsrat des Henry Contemporary Art Museum und ber\u00e4t das in Seattle ans\u00e4ssige Start-up Stylyze.<\/div><\/div>\n<div class=\"wp-block-group__inner-container\">\n<div class=\"photo\"><img loading=\"lazy\" decoding=\"async\" class=\"lead wp-image-161 size-thumbnail alignright\" src=\"\/wp-content\/uploads\/2019\/01\/team-david-150x150.jpg\" alt=\"David A. Sparks\" width=\"150\" height=\"150\" srcset=\"https:\/\/www.nlmphotonics.com\/wp-content\/uploads\/2019\/01\/team-david-150x150.jpg 150w, https:\/\/www.nlmphotonics.com\/wp-content\/uploads\/2019\/01\/team-david-300x300.jpg 300w, https:\/\/www.nlmphotonics.com\/wp-content\/uploads\/2019\/01\/team-david-100x100.jpg 100w, https:\/\/www.nlmphotonics.com\/wp-content\/uploads\/2019\/01\/team-david-50x50.jpg 50w, https:\/\/www.nlmphotonics.com\/wp-content\/uploads\/2019\/01\/team-david.jpg 380w\" sizes=\"auto, (max-width: 150px) 100vw, 150px\" \/><\/div><div class=\"title\"><h2>David A. Sparks<\/h2>\n<h3>Advisor<\/h3><p><a href=\"https:\/\/www.linkedin.com\/in\/david-sparks-090b3816\/\" target=\"_blank\" rel=\"noopener noreferrer\"><img loading=\"lazy\" decoding=\"async\" class=\"alignnone\" src=\"\/wp-content\/uploads\/2020\/04\/linkedin.gif\" alt=\"LinkedIn\" width=\"50\" height=\"50\"><\/a><\/p><\/div><div class=\"bio\">David A. Sparks hat in den vergangenen 20 Jahren Technologie-Start-ups mit dem Schwerpunkt der Entwicklung von Wireless-Netzwerken geleitet. Von der Gr\u00fcndung \u00fcber den Ausstieg bis hin zur Integration war er Gr\u00fcnder und CEO von drei erfolgreichen Start-ups. David A. Sparks ist bekannt f\u00fcr seine F\u00fchrungskompetenzen beim Ausbau des nationalen Mobilfunknetzes und bei Ingenieursgesellschaften. Er ist derzeit gew\u00e4hlter Kommissar f\u00fcr einen King County Utility District im Staate Washington und im Vorstand bei Davis Bay Consulting (Telekommunikationsberatung). Er hat einen Bachelor-of-Arts-Abschluss in Finanz- und Rechnungswesen an der Western Washington University und einen Master-of-Business-Administration-Abschluss (MBA) in Unternehmungsstrategie an der McGill University in Montreal, Quebec, gemacht.<\/div>\n<\/div>\n<div class=\"wp-block-group__inner-container\">\n<div class=\"photo\"><img loading=\"lazy\" decoding=\"async\" class=\"leadalignleft size-thumbnail wp-image-712\" src=\"\/wp-content\/uploads\/2019\/12\/team-michael.jpg\" alt=\"Michael Mrejen, Ph.D.\" width=\"150\" height=\"150\" srcset=\"https:\/\/www.nlmphotonics.com\/wp-content\/uploads\/2019\/12\/team-michael.jpg 380w, https:\/\/www.nlmphotonics.com\/wp-content\/uploads\/2019\/12\/team-michael-300x300.jpg 300w, https:\/\/www.nlmphotonics.com\/wp-content\/uploads\/2019\/12\/team-michael-150x150.jpg 150w, https:\/\/www.nlmphotonics.com\/wp-content\/uploads\/2019\/12\/team-michael-100x100.jpg 100w, https:\/\/www.nlmphotonics.com\/wp-content\/uploads\/2019\/12\/team-michael-50x50.jpg 50w\" sizes=\"auto, (max-width: 150px) 100vw, 150px\" \/><\/div>\n<div class=\"title\">\n<h2>Michael Mrejen, Ph.D.<\/h2>\n<h3>Director of Optical Engineering<\/h3>\n<p><a href=\"https:\/\/www.linkedin.com\/in\/michaelmrejen\/\" target=\"_blank\" rel=\"noopener noreferrer\"><img loading=\"lazy\" decoding=\"async\" class=\"alignnone\" src=\"\/wp-content\/uploads\/2020\/04\/linkedin.gif\" alt=\"LinkedIn\" width=\"50\" height=\"50\"><\/a><\/p>\n<\/div>\n<div class=\"bio\">Dr. Michael Mrejen hat 15 Jahre Erfahrung in dem Bereich Forschung und Entwicklung sowohl in der Privatwirtschaft als auch in der akademischen Welt. Dadurch verbindet er zwei Felder: Grundlagenforschung und zukunftsweisende Technologien. Seine Schwerpunkte sind die Erforschung ultraschneller Licht-Materie-Interaktionen in plasmonischen Nanostrukturen, Silizium-Photonik, 2D-Materialien und die Anwendung von maschinellem Lernen in der Nanophotonik. Michael hat 17 begutachtete (peer-reviewed) Artikel ver\u00f6ffentlicht und besitzt vier Patente. Unter der Leitung von Professor Xiang Zhang wurde ihm 2015 in Berkeley an der University of California ein Doktortitel in \u201eAngewandter Wissenschaft und Technik\u201c verliehen und 2007 hat er an der Hebr\u00e4ischen Universit\u00e4t Jerusalem einen Master-of-Science-Abschluss in Angewandter Physik gemacht. Michael hat 2003 an der Technion (Technische Universit\u00e4t Israels) einen Bachelor-of-Science-Abschluss in Optotechnik gemacht.<\/div>\n<\/div>\n<div class=\"wp-block-group__inner-container\">\n<div class=\"photo\"><img loading=\"lazy\" decoding=\"async\" class=\"leadalignleft size-thumbnail wp-image-712\" src=\"\/wp-content\/uploads\/2021\/02\/Ken-Block-1.jpg\" alt=\"Ken Block\" width=\"150\" height=\"150\"><\/div>\n<div class=\"title\">\n<h2>Ken Block<\/h2>\n<h3>Advisor<\/h3>\n<p><a href=\"https:\/\/www.linkedin.com\/in\/kenneth-block-844a618\/\" target=\"_blank\" rel=\"noopener noreferrer\"><img loading=\"lazy\" decoding=\"async\" class=\"alignnone\" src=\"\/wp-content\/uploads\/2020\/04\/linkedin.gif\" alt=\"LinkedIn\" width=\"50\" height=\"50\"><\/a><\/p>\n<\/div>\n<div class=\"bio\">Ken Block ist Manager bei Block Capital LLC und in Seattle ans\u00e4ssig. Als Kapitalanleger ist er daran interessiert, mehr \u00fcber zukunftsweisende Technologien zu erfahren, die unser aller Leben in Zukunft verbessern werden, und diese zu unterst\u00fctzen. Fr\u00fcher war Ken Chairman bei Block and Company, Inc. (2018 verkauft), Hersteller von und H\u00e4ndler f\u00fcr B\u00fcro-\/Sicherheitsprodukte(n) \u00fcber Staples, Office Depot, Amazon und Wal-Mart. Er ist aktiver Angel Investor und Non-Profit Champion. Ken ist derzeit im Aufsichtsrat von Stylyze, Inc. und war fr\u00fcher bei butter LONDON LLC, Primus Knowledge Solutions und in den Beir\u00e4ten des Studienkollegs (University Preparatory Academy) t\u00e4tig. Er hat an der University of Washington einen Master-Abschluss in \u201eChinastudien\u201c und am Claremont McKenna College einen Bachelor-of-Arts-Abschluss gemacht.<\/div>\n<\/div>\n<div class=\"wp-block-group__inner-container\">\n<div class=\"photo\"><img loading=\"lazy\" decoding=\"async\" class=\"leadalignleft size-thumbnail wp-image-712\" src=\"\/wp-content\/uploads\/2021\/02\/Fabien-Mousseau.jpg\" alt=\"Fabien Mousseau\" width=\"150\" height=\"150\"><\/div>\n<div class=\"title\">\n<h2>Fabien Mousseau<\/h2>\n<h3>Advisor<\/h3>\n<p><a href=\"https:\/\/www.linkedin.com\/in\/fabienmousseau\/\" target=\"_blank\" rel=\"noopener noreferrer\"><img loading=\"lazy\" decoding=\"async\" class=\"alignnone\" src=\"\/wp-content\/uploads\/2020\/04\/linkedin.gif\" alt=\"LinkedIn\" width=\"50\" height=\"50\"><\/a><\/p>\n<\/div>\n<div class=\"bio\">Fabien Mousseau hat \u00fcber 18 Jahre Erfahrung als Finanzdienstleister. Er ist verantwortlich f\u00fcr die Beschaffung strategischer Einblicke, die F\u00f6rderung intelligenter finanzieller und gesch\u00e4ftlicher Planung und Entscheidungen, den Entwurf von Preisstrategien, das Risikomanagement, die Optimierung der Kostenstruktur und das Etablieren von Berichterstattungsverfahren. Er ist derzeit Senior Vice President und leitet die Abteilung Financial Planning &amp; Analysis bei Core Scientific, ein Unternehmen, das Blockchain- sowie KI-Infrastruktur- und Softwarel\u00f6sungen anbietet. W\u00e4hrend der 15 Jahre, in denen er bei Microsoft besch\u00e4ftigt war, hat Fabien direkt mit dem CEO zusammengearbeitet, um die passenden Rahmenbedingungen f\u00fcr Umsatzwachstum zu schaffen. Er war auch CFO der Windows Business Group, einem Unternehmen von Microsoft mit einem Wert von \u00fcber 15 Milliarden Dollar. Fabien hat in dieser Position Angebote in ein Enterprise-SaaS-Modell \u00fcberf\u00fchrt und Akquisitionsopportunit\u00e4ten f\u00fcr kommerziellen Unternehmenswachstum analysiert. Er hat an der University of California in Berkeley einen Master-of-Engineering-Abschluss in Umwelttechnik, an der Harvard Business School einen Master-of-Business-Administration-Abschluss (MBA) und an der Ecole Polytechnique in Frankreich einen Bachelor-of-Science-Abschluss in Maschinenbau gemacht.<\/div>\n<\/div>\n\n\n\n<p><\/p>\n","protected":false},"excerpt":{"rendered":"<p>Bruce H. Robinson, Ph.D. Senior Scientific Advisor Dr. Bruce H. Robinson ist Professor an der Chemischen Fakult\u00e4t der University of Washington und ist dort seit 1980 besch\u00e4ftigt. Er entwirft Molek\u00fcle f\u00fcr elektrooptische Anwendungen und entwickelt und verwendet theoretische Modellierungsmethoden zur Leistungsoptimierung. Dr. Robinson hat \u00fcber 200 begutachtete (peer reviewed) Publikationen verfasst und hat in den [&hellip;]<\/p>\n","protected":false},"author":1,"featured_media":2117,"parent":2230,"menu_order":0,"comment_status":"closed","ping_status":"closed","template":"fullwidth.php","meta":{"nf_dc_page":"","footnotes":""},"class_list":["post-2226","page","type-page","status-publish","has-post-thumbnail","hentry"],"aioseo_notices":[],"_links":{"self":[{"href":"https:\/\/www.nlmphotonics.com\/de\/wp-json\/wp\/v2\/pages\/2226","targetHints":{"allow":["GET"]}}],"collection":[{"href":"https:\/\/www.nlmphotonics.com\/de\/wp-json\/wp\/v2\/pages"}],"about":[{"href":"https:\/\/www.nlmphotonics.com\/de\/wp-json\/wp\/v2\/types\/page"}],"author":[{"embeddable":true,"href":"https:\/\/www.nlmphotonics.com\/de\/wp-json\/wp\/v2\/users\/1"}],"replies":[{"embeddable":true,"href":"https:\/\/www.nlmphotonics.com\/de\/wp-json\/wp\/v2\/comments?post=2226"}],"version-history":[{"count":4,"href":"https:\/\/www.nlmphotonics.com\/de\/wp-json\/wp\/v2\/pages\/2226\/revisions"}],"predecessor-version":[{"id":2638,"href":"https:\/\/www.nlmphotonics.com\/de\/wp-json\/wp\/v2\/pages\/2226\/revisions\/2638"}],"up":[{"embeddable":true,"href":"https:\/\/www.nlmphotonics.com\/de\/wp-json\/wp\/v2\/pages\/2230"}],"wp:featuredmedia":[{"embeddable":true,"href":"https:\/\/www.nlmphotonics.com\/de\/wp-json\/wp\/v2\/media\/2117"}],"wp:attachment":[{"href":"https:\/\/www.nlmphotonics.com\/de\/wp-json\/wp\/v2\/media?parent=2226"}],"curies":[{"name":"wp","href":"https:\/\/api.w.org\/{rel}","templated":true}]}}